{"id":41,"date":"2024-01-08T12:34:32","date_gmt":"2024-01-08T12:34:32","guid":{"rendered":"https:\/\/www.teamdrklinghardt.at\/?page_id=41"},"modified":"2025-01-26T20:07:53","modified_gmt":"2025-01-26T19:07:53","slug":"mft-mentalfeld-technik","status":"publish","type":"page","link":"https:\/\/www.teamdrklinghardt.at\/index.php\/ausbildung\/mft-mentalfeld-technik\/","title":{"rendered":"MFT Mentalfeld-Technik"},"content":{"rendered":"<p><div class=\"fusion-fullwidth fullwidth-box fusion-builder-row-1 fusion-flex-container has-pattern-background has-mask-background nonhundred-percent-fullwidth non-hundred-percent-height-scrolling\" style=\"--awb-border-radius-top-left:0px;--awb-border-radius-top-right:0px;--awb-border-radius-bottom-right:0px;--awb-border-radius-bottom-left:0px;--awb-padding-right-small:5%;--awb-padding-left-small:5%;--awb-margin-top:76px;--awb-margin-top-small:25px;--awb-flex-wrap:wrap;\" ><div class=\"fusion-builder-row fusion-row fusion-flex-align-items-flex-start fusion-flex-justify-content-center fusion-flex-content-wrap\" style=\"max-width:1996.8px;margin-left: calc(-4% \/ 2 );margin-right: calc(-4% \/ 2 );\"><div class=\"fusion-layout-column fusion_builder_column fusion-builder-column-0 fusion_builder_column_1_2 1_2 fusion-flex-column\" style=\"--awb-padding-top:94px;--awb-padding-right:15%;--awb-padding-bottom:74px;--awb-padding-left:15%;--awb-padding-top-small:3%;--awb-padding-right-small:10%;--awb-padding-bottom-small:3%;--awb-padding-left-small:10%;--awb-overflow:hidden;--awb-bg-color:#f0f6f8;--awb-bg-color-hover:#f0f6f8;--awb-bg-size:cover;--awb-border-radius:20px 20px 20px 20px;--awb-width-large:50%;--awb-margin-top-large:0px;--awb-spacing-right-large:3.84%;--awb-margin-bottom-large:20px;--awb-spacing-left-large:3.84%;--awb-width-medium:50%;--awb-order-medium:0;--awb-spacing-right-medium:3.84%;--awb-spacing-left-medium:3.84%;--awb-width-small:100%;--awb-order-small:0;--awb-spacing-right-small:1.92%;--awb-spacing-left-small:1.92%;\" data-scroll-devices=\"small-visibility,medium-visibility,large-visibility\"><div class=\"fusion-column-wrapper fusion-column-has-shadow fusion-flex-justify-content-flex-start fusion-content-layout-column\"><div class=\"fusion-text fusion-text-1\"><h1>MFT<\/h1>\n<p>Die Mentalfeld-Technik nach Dr. Klinghardt\u00ae ist eine ultraschnelle und nicht-invasive Intervention zur Linderung akuter und l\u00e4nger andauernder Stresszust\u00e4nde. Dabei ist es egal, wo der Ursprung liegt. Jeder Aspekt im Leben, der subjektiv als einschr\u00e4nkend erlebt wird, kann durch diese sanfte Klopftechnik entlastet werden.<\/p>\n<h4>Auch f\u00fcr die Selbstbehandlung<\/h4>\n<p>Vom Klienten als belastend erlebte Gef\u00fchle (Angst, Traurigkeit, Wut, etc.) blockieren den Energiek\u00f6rper und k\u00f6nnen durch gef\u00fchrte Selbstbehandlung schnell abgebaut werden. Da diese Methode ohne kinesiologischen Muskeltest auskommt kann der Kurs unabh\u00e4ngig von allen anderen Kursen gebucht werden.<\/p>\n<\/div><\/div><\/div><\/div><\/div><div class=\"fusion-fullwidth fullwidth-box fusion-builder-row-2 fusion-flex-container has-pattern-background has-mask-background nonhundred-percent-fullwidth non-hundred-percent-height-scrolling\" style=\"--awb-border-radius-top-left:0px;--awb-border-radius-top-right:0px;--awb-border-radius-bottom-right:0px;--awb-border-radius-bottom-left:0px;--awb-padding-right-small:5%;--awb-padding-left-small:5%;--awb-flex-wrap:wrap;\" ><div class=\"fusion-builder-row fusion-row fusion-flex-align-items-flex-start fusion-flex-justify-content-center fusion-flex-content-wrap\" style=\"max-width:calc( 1920px + 24px );margin-left: calc(-24px \/ 2 );margin-right: calc(-24px \/ 2 );\"><div class=\"fusion-layout-column fusion_builder_column fusion-builder-column-1 fusion_builder_column_1_4 1_4 fusion-flex-column\" style=\"--awb-padding-top:50px;--awb-bg-size:cover;--awb-width-large:25%;--awb-margin-top-large:0px;--awb-spacing-right-large:12px;--awb-margin-bottom-large:20px;--awb-spacing-left-large:12px;--awb-width-medium:25%;--awb-order-medium:0;--awb-spacing-right-medium:12px;--awb-spacing-left-medium:12px;--awb-width-small:100%;--awb-order-small:0;--awb-spacing-right-small:12px;--awb-spacing-left-small:12px;\" data-scroll-devices=\"small-visibility,medium-visibility,large-visibility\"><div class=\"fusion-column-wrapper fusion-column-has-shadow fusion-flex-justify-content-flex-start fusion-content-layout-column\"><div class=\"fusion-image-element \" style=\"--awb-caption-title-font-family:var(--h2_typography-font-family);--awb-caption-title-font-weight:var(--h2_typography-font-weight);--awb-caption-title-font-style:var(--h2_typography-font-style);--awb-caption-title-size:var(--h2_typography-font-size);--awb-caption-title-transform:var(--h2_typography-text-transform);--awb-caption-title-line-height:var(--h2_typography-line-height);--awb-caption-title-letter-spacing:var(--h2_typography-letter-spacing);\"><span class=\" fusion-imageframe imageframe-none imageframe-1 hover-type-none\"><img decoding=\"async\" width=\"400\" height=\"575\" alt=\"Handbuch der Mentalfeld-Techniken\" title=\"Handbuch der Mentalfeld-Techniken\" src=\"https:\/\/www.teamdrklinghardt.at\/wp-content\/uploads\/2024\/11\/Handbuch-der-Mentalfeld-Techniken-400x575.png\" class=\"img-responsive wp-image-3242\" srcset=\"https:\/\/www.teamdrklinghardt.at\/wp-content\/uploads\/2024\/11\/Handbuch-der-Mentalfeld-Techniken-200x288.png 200w, https:\/\/www.teamdrklinghardt.at\/wp-content\/uploads\/2024\/11\/Handbuch-der-Mentalfeld-Techniken-400x575.png 400w, https:\/\/www.teamdrklinghardt.at\/wp-content\/uploads\/2024\/11\/Handbuch-der-Mentalfeld-Techniken-600x863.png 600w, https:\/\/www.teamdrklinghardt.at\/wp-content\/uploads\/2024\/11\/Handbuch-der-Mentalfeld-Techniken-800x1151.png 800w, https:\/\/www.teamdrklinghardt.at\/wp-content\/uploads\/2024\/11\/Handbuch-der-Mentalfeld-Techniken.png 1108w\" sizes=\"(max-width: 789px) 100vw, 600px\" \/><\/span><\/div><\/div><\/div><div class=\"fusion-layout-column fusion_builder_column fusion-builder-column-2 fusion_builder_column_1_4 1_4 fusion-flex-column\" style=\"--awb-padding-top:50PX;--awb-bg-size:cover;--awb-width-large:25%;--awb-margin-top-large:0px;--awb-spacing-right-large:12px;--awb-margin-bottom-large:20px;--awb-spacing-left-large:12px;--awb-width-medium:25%;--awb-order-medium:0;--awb-spacing-right-medium:12px;--awb-spacing-left-medium:12px;--awb-width-small:100%;--awb-order-small:0;--awb-spacing-right-small:12px;--awb-spacing-left-small:12px;\" data-scroll-devices=\"small-visibility,medium-visibility,large-visibility\"><div class=\"fusion-column-wrapper fusion-column-has-shadow fusion-flex-justify-content-flex-start fusion-content-layout-column\"><div class=\"fusion-text fusion-text-2\"><h2 class=\"text_red\">Handbuch der Mentalfeld-Techniken<\/h2>\n<p><strong>Dieses Praxishandbuch stellt kreative Innovationen f\u00fcr die Begleitung von Erwachsenen und Kindern in problematischen Situationen vor.<\/strong><\/p>\n<\/div><div class=\"fusion-text fusion-text-3 fusion-text-no-margin\" style=\"--awb-margin-bottom:50PX;\"><p>Die Mentalfeld-Technik<strong>\u00ae <\/strong>bew\u00e4hrt sich auch hervorragend f\u00fcr einen selbstbestimmten, l\u00f6sungsorientierten Umgang mit eigenen Konflikten, die unser Alltag mit sich bringt. MFT<strong>\u00ae <\/strong>ist eine wirkungsvolle Hilfe zur Selbsthilfe.<\/p>\n<p>Die Kombination von Klopflinien, K\u00f6rperempfindungen, Gef\u00fchlen, Gedanken und spontan gemalten Bildern kann seelische Spannungszust\u00e4nde, tiefe sitzende Belastungen, k\u00f6rperliche Schmerzen und sogar chronische Erkrankungen nachhaltig bessern.<\/p>\n<p>Zahlreiche Fallbeispiele, Bilddeutungen, praktische Anleitungen und erprobte Praxiskonzepte sowie Selbsthilfetechniken runden dieses Buch ab.<br \/>\nK\u00e4uflich erwerben k\u00f6nnen Sie das Buch <a href=\"https:\/\/ink.ag\/shop\/buecher-und-schriften\/dr.-klinghardt\/buecher\/15718\/handbuch-der-mentalfeld-techniken\" target=\"_blank\" rel=\"noopener\">hier<\/a>.<\/p>\n<\/div><div ><a class=\"fusion-button button-flat fusion-button-default-size button-custom fusion-button-default button-1 fusion-button-span-yes fusion-button-default-type\" style=\"--button_accent_color:var(--awb-color1);--button_accent_hover_color:var(--awb-color1);--button_border_hover_color:var(--awb-color1);--button-border-radius-top-left:5px;--button-border-radius-top-right:5px;--button-border-radius-bottom-right:5px;--button-border-radius-bottom-left:5px;--button_gradient_top_color:var(--awb-custom_color_7);--button_gradient_bottom_color:var(--awb-custom_color_7);--button_gradient_top_color_hover:#035564;--button_gradient_bottom_color_hover:#035564;--button_font_size:15px;--button_padding-top:40px;--button_padding-bottom:40px;--button_typography-font-family:&quot;Work Sans&quot;;--button_typography-font-style:normal;--button_typography-font-weight:500;--button_margin-right:75px;--button_margin-bottom:15px;width:calc(100% - 75px);\" target=\"_blank\" rel=\"noopener noreferrer\" href=\"https:\/\/ink.ag\/shop\/buecher-und-schriften\/dr.-klinghardt\/buecher\/17290\/lehrbuch-der-psycho-kinesiologie\"><span class=\"fusion-button-text awb-button__text awb-button__text--default\">KAUFEN \u00dcBER INK<\/span><\/a><\/div><\/div><\/div><\/div><\/div><\/p>\n","protected":false},"excerpt":{"rendered":"","protected":false},"author":1,"featured_media":0,"parent":24,"menu_order":0,"comment_status":"closed","ping_status":"closed","template":"100-width.php","meta":{"_acf_changed":false,"footnotes":""},"class_list":["post-41","page","type-page","status-publish","hentry"],"acf":[],"yoast_head":"<!-- This site is optimized with the Yoast SEO plugin v25.3.1 - https:\/\/yoast.com\/wordpress\/plugins\/seo\/ -->\n<title>MFT Mentalfeld-Technik - Team Dr. Klinghardt<\/title>\n<meta name=\"robots\" content=\"index, follow, max-snippet:-1, max-image-preview:large, max-video-preview:-1\" \/>\n<link rel=\"canonical\" href=\"https:\/\/www.teamdrklinghardt.at\/index.php\/ausbildung\/mft-mentalfeld-technik\/\" \/>\n<meta property=\"og:locale\" content=\"de_DE\" \/>\n<meta property=\"og:type\" content=\"article\" \/>\n<meta property=\"og:title\" content=\"MFT Mentalfeld-Technik - Team Dr. Klinghardt\" \/>\n<meta property=\"og:url\" content=\"https:\/\/www.teamdrklinghardt.at\/index.php\/ausbildung\/mft-mentalfeld-technik\/\" \/>\n<meta property=\"og:site_name\" content=\"Team Dr. Klinghardt\" \/>\n<meta property=\"article:modified_time\" content=\"2025-01-26T19:07:53+00:00\" \/>\n<meta name=\"twitter:card\" content=\"summary_large_image\" \/>\n<meta name=\"twitter:label1\" content=\"Gesch\u00e4tzte Lesezeit\" \/>\n\t<meta name=\"twitter:data1\" content=\"2\u00a0Minuten\" \/>\n<script type=\"application\/ld+json\" class=\"yoast-schema-graph\">{\"@context\":\"https:\/\/schema.org\",\"@graph\":[{\"@type\":\"WebPage\",\"@id\":\"https:\/\/www.teamdrklinghardt.at\/index.php\/ausbildung\/mft-mentalfeld-technik\/\",\"url\":\"https:\/\/www.teamdrklinghardt.at\/index.php\/ausbildung\/mft-mentalfeld-technik\/\",\"name\":\"MFT Mentalfeld-Technik - Team Dr. Klinghardt\",\"isPartOf\":{\"@id\":\"https:\/\/www.teamdrklinghardt.at\/#website\"},\"datePublished\":\"2024-01-08T12:34:32+00:00\",\"dateModified\":\"2025-01-26T19:07:53+00:00\",\"breadcrumb\":{\"@id\":\"https:\/\/www.teamdrklinghardt.at\/index.php\/ausbildung\/mft-mentalfeld-technik\/#breadcrumb\"},\"inLanguage\":\"de\",\"potentialAction\":[{\"@type\":\"ReadAction\",\"target\":[\"https:\/\/www.teamdrklinghardt.at\/index.php\/ausbildung\/mft-mentalfeld-technik\/\"]}]},{\"@type\":\"BreadcrumbList\",\"@id\":\"https:\/\/www.teamdrklinghardt.at\/index.php\/ausbildung\/mft-mentalfeld-technik\/#breadcrumb\",\"itemListElement\":[{\"@type\":\"ListItem\",\"position\":1,\"name\":\"Ausbildung\",\"item\":\"https:\/\/www.teamdrklinghardt.at\/index.php\/ausbildung\/\"},{\"@type\":\"ListItem\",\"position\":2,\"name\":\"MFT Mentalfeld-Technik\"}]},{\"@type\":\"WebSite\",\"@id\":\"https:\/\/www.teamdrklinghardt.at\/#website\",\"url\":\"https:\/\/www.teamdrklinghardt.at\/\",\"name\":\"Team Dr. Klinghardt\",\"description\":\"\",\"potentialAction\":[{\"@type\":\"SearchAction\",\"target\":{\"@type\":\"EntryPoint\",\"urlTemplate\":\"https:\/\/www.teamdrklinghardt.at\/?s={search_term_string}\"},\"query-input\":{\"@type\":\"PropertyValueSpecification\",\"valueRequired\":true,\"valueName\":\"search_term_string\"}}],\"inLanguage\":\"de\"}]}<\/script>\n<!-- \/ Yoast SEO plugin. -->","yoast_head_json":{"title":"MFT Mentalfeld-Technik - Team Dr. Klinghardt","robots":{"index":"index","follow":"follow","max-snippet":"max-snippet:-1","max-image-preview":"max-image-preview:large","max-video-preview":"max-video-preview:-1"},"canonical":"https:\/\/www.teamdrklinghardt.at\/index.php\/ausbildung\/mft-mentalfeld-technik\/","og_locale":"de_DE","og_type":"article","og_title":"MFT Mentalfeld-Technik - Team Dr. Klinghardt","og_url":"https:\/\/www.teamdrklinghardt.at\/index.php\/ausbildung\/mft-mentalfeld-technik\/","og_site_name":"Team Dr. Klinghardt","article_modified_time":"2025-01-26T19:07:53+00:00","twitter_card":"summary_large_image","twitter_misc":{"Gesch\u00e4tzte Lesezeit":"2\u00a0Minuten"},"schema":{"@context":"https:\/\/schema.org","@graph":[{"@type":"WebPage","@id":"https:\/\/www.teamdrklinghardt.at\/index.php\/ausbildung\/mft-mentalfeld-technik\/","url":"https:\/\/www.teamdrklinghardt.at\/index.php\/ausbildung\/mft-mentalfeld-technik\/","name":"MFT Mentalfeld-Technik - Team Dr. Klinghardt","isPartOf":{"@id":"https:\/\/www.teamdrklinghardt.at\/#website"},"datePublished":"2024-01-08T12:34:32+00:00","dateModified":"2025-01-26T19:07:53+00:00","breadcrumb":{"@id":"https:\/\/www.teamdrklinghardt.at\/index.php\/ausbildung\/mft-mentalfeld-technik\/#breadcrumb"},"inLanguage":"de","potentialAction":[{"@type":"ReadAction","target":["https:\/\/www.teamdrklinghardt.at\/index.php\/ausbildung\/mft-mentalfeld-technik\/"]}]},{"@type":"BreadcrumbList","@id":"https:\/\/www.teamdrklinghardt.at\/index.php\/ausbildung\/mft-mentalfeld-technik\/#breadcrumb","itemListElement":[{"@type":"ListItem","position":1,"name":"Ausbildung","item":"https:\/\/www.teamdrklinghardt.at\/index.php\/ausbildung\/"},{"@type":"ListItem","position":2,"name":"MFT Mentalfeld-Technik"}]},{"@type":"WebSite","@id":"https:\/\/www.teamdrklinghardt.at\/#website","url":"https:\/\/www.teamdrklinghardt.at\/","name":"Team Dr. Klinghardt","description":"","potentialAction":[{"@type":"SearchAction","target":{"@type":"EntryPoint","urlTemplate":"https:\/\/www.teamdrklinghardt.at\/?s={search_term_string}"},"query-input":{"@type":"PropertyValueSpecification","valueRequired":true,"valueName":"search_term_string"}}],"inLanguage":"de"}]}},"_links":{"self":[{"href":"https:\/\/www.teamdrklinghardt.at\/index.php\/wp-json\/wp\/v2\/pages\/41","targetHints":{"allow":["GET"]}}],"collection":[{"href":"https:\/\/www.teamdrklinghardt.at\/index.php\/wp-json\/wp\/v2\/pages"}],"about":[{"href":"https:\/\/www.teamdrklinghardt.at\/index.php\/wp-json\/wp\/v2\/types\/page"}],"author":[{"embeddable":true,"href":"https:\/\/www.teamdrklinghardt.at\/index.php\/wp-json\/wp\/v2\/users\/1"}],"replies":[{"embeddable":true,"href":"https:\/\/www.teamdrklinghardt.at\/index.php\/wp-json\/wp\/v2\/comments?post=41"}],"version-history":[{"count":42,"href":"https:\/\/www.teamdrklinghardt.at\/index.php\/wp-json\/wp\/v2\/pages\/41\/revisions"}],"predecessor-version":[{"id":3976,"href":"https:\/\/www.teamdrklinghardt.at\/index.php\/wp-json\/wp\/v2\/pages\/41\/revisions\/3976"}],"up":[{"embeddable":true,"href":"https:\/\/www.teamdrklinghardt.at\/index.php\/wp-json\/wp\/v2\/pages\/24"}],"wp:attachment":[{"href":"https:\/\/www.teamdrklinghardt.at\/index.php\/wp-json\/wp\/v2\/media?parent=41"}],"curies":[{"name":"wp","href":"https:\/\/api.w.org\/{rel}","templated":true}]}}