{"id":39,"date":"2024-01-08T12:33:21","date_gmt":"2024-01-08T12:33:21","guid":{"rendered":"https:\/\/www.teamdrklinghardt.at\/?page_id=39"},"modified":"2024-12-22T11:54:24","modified_gmt":"2024-12-22T10:54:24","slug":"knk-kinesiologie-nach-dr-klinghardt","status":"publish","type":"page","link":"https:\/\/www.teamdrklinghardt.at\/index.php\/ausbildung\/knk-kinesiologie-nach-dr-klinghardt\/","title":{"rendered":"KnK &#8211; Kinesiologie nach Dr. Klinghardt"},"content":{"rendered":"<p><div class=\"fusion-fullwidth fullwidth-box fusion-builder-row-1 fusion-flex-container has-pattern-background has-mask-background nonhundred-percent-fullwidth non-hundred-percent-height-scrolling\" style=\"--awb-border-radius-top-left:0px;--awb-border-radius-top-right:0px;--awb-border-radius-bottom-right:0px;--awb-border-radius-bottom-left:0px;--awb-padding-right-small:5%;--awb-padding-left-small:5%;--awb-margin-top:76px;--awb-margin-top-small:25px;--awb-flex-wrap:wrap;\" ><div class=\"fusion-builder-row fusion-row fusion-flex-align-items-flex-start fusion-flex-justify-content-center fusion-flex-content-wrap\" style=\"max-width:calc( 1920px + 24px );margin-left: calc(-24px \/ 2 );margin-right: calc(-24px \/ 2 );\"><div class=\"fusion-layout-column fusion_builder_column fusion-builder-column-0 fusion_builder_column_1_2 1_2 fusion-flex-column\" style=\"--awb-bg-size:cover;--awb-width-large:50%;--awb-margin-top-large:0px;--awb-spacing-right-large:12px;--awb-margin-bottom-large:20px;--awb-spacing-left-large:12px;--awb-width-medium:50%;--awb-order-medium:0;--awb-spacing-right-medium:12px;--awb-spacing-left-medium:12px;--awb-width-small:100%;--awb-order-small:0;--awb-spacing-right-small:12px;--awb-spacing-left-small:12px;\" data-scroll-devices=\"small-visibility,medium-visibility,large-visibility\"><div class=\"fusion-column-wrapper fusion-column-has-shadow fusion-flex-justify-content-flex-start fusion-content-layout-column\"><div class=\"fusion-builder-row fusion-builder-row-inner fusion-row fusion-flex-align-items-flex-start fusion-flex-justify-content-center fusion-flex-content-wrap\" style=\"width:calc( 100% + 24px ) !important;max-width:calc( 100% + 24px ) !important;margin-left: calc(-24px \/ 2 );margin-right: calc(-24px \/ 2 );\"><div class=\"fusion-layout-column fusion_builder_column_inner fusion-builder-nested-column-0 fusion_builder_column_inner_1_1 1_1 fusion-flex-column\" style=\"--awb-padding-top:74px;--awb-padding-right:15%;--awb-padding-bottom:74px;--awb-padding-left:15%;--awb-padding-top-small:3%;--awb-padding-right-small:10%;--awb-padding-bottom-small:3%;--awb-padding-left-small:10%;--awb-overflow:hidden;--awb-bg-color:#f0f6f8;--awb-bg-color-hover:#f0f6f8;--awb-bg-size:cover;--awb-border-radius:20px 20px 20px 20px;--awb-width-large:100%;--awb-margin-top-large:0px;--awb-spacing-right-large:22px;--awb-margin-bottom-large:20px;--awb-spacing-left-large:12px;--awb-width-medium:100%;--awb-order-medium:0;--awb-spacing-right-medium:22px;--awb-spacing-left-medium:12px;--awb-width-small:100%;--awb-order-small:0;--awb-spacing-right-small:12px;--awb-spacing-left-small:12px;\" data-scroll-devices=\"small-visibility,medium-visibility,large-visibility\"><div class=\"fusion-column-wrapper fusion-column-has-shadow fusion-flex-justify-content-flex-start fusion-content-layout-column\"><div class=\"fusion-text fusion-text-1\"><h1>KnK I<\/h1>\n<p>Die Kinesiologie nach Dr. Klinghardt\u00ae wird in Deutschland und in der Schweiz Psycho-Kinesiologie genannt. Sie identifiziert \u00fcber den Muskeltest belastende Energien und Gef\u00fchle aus Ereignissen im Leben des Menschen, seinem Familienverband oder aus der Seelengeschichte.<\/p>\n<h4>Emotionale Ladungen aufgrund fr\u00fcherer Erlebnisse<\/h4>\n<p>Diese Stressoren verursachen energetische Ungleichgewichte mit Auswirkungen auf den emotionalen Bereich und schr\u00e4nken die Lebensqualit\u00e4t ein. Sie werden \u00fcber geeignete neurobiologische Techniken ausgeglichen, die fr\u00fchere Erlebnisse von der emotionalen Ladung \u201eentkoppeln\u201c = l\u00f6sen. Die darin gespeicherte Energie wird freigesetzt. Dadurch verlieren ehemalige Belastungen ihren negativen Einfluss und k\u00f6nnen zu neuen Kraftquellen werden.<\/p>\n<\/div><\/div><\/div><div class=\"fusion-layout-column fusion_builder_column_inner fusion-builder-nested-column-1 fusion_builder_column_inner_1_1 1_1 fusion-flex-column\" style=\"--awb-padding-top:74px;--awb-padding-right:15%;--awb-padding-bottom:74px;--awb-padding-left:15%;--awb-padding-top-small:3%;--awb-padding-right-small:10%;--awb-padding-bottom-small:3%;--awb-padding-left-small:10%;--awb-overflow:hidden;--awb-bg-color:#f0f6f8;--awb-bg-color-hover:#f0f6f8;--awb-bg-size:cover;--awb-border-radius:20px 20px 20px 20px;--awb-width-large:100%;--awb-margin-top-large:0px;--awb-spacing-right-large:22px;--awb-margin-bottom-large:20px;--awb-spacing-left-large:12px;--awb-width-medium:100%;--awb-order-medium:0;--awb-spacing-right-medium:22px;--awb-spacing-left-medium:12px;--awb-width-small:100%;--awb-order-small:0;--awb-spacing-right-small:12px;--awb-spacing-left-small:12px;\" data-scroll-devices=\"small-visibility,medium-visibility,large-visibility\"><div class=\"fusion-column-wrapper fusion-column-has-shadow fusion-flex-justify-content-flex-start fusion-content-layout-column\"><div class=\"fusion-text fusion-text-2\"><h1>KnK III<\/h1>\n<p>In diesem Kurs verbindet Dr. Klinghardt Genogrammarbeit mit den bereits erlernten KnK-Testabl\u00e4ufen zur Systemischen KnK in der Einzelarbeit<\/p>\n<h4>Theorie und Praxis zusammenf\u00fchren<\/h4>\n<p>Wir vertiefen Theorie und Praxis der Systemischen Familienaufstellungsarbeit nach Bert Hellinger. Die Aufstellungsarbeit wird in den KnK-Ablauf integriert und \u00fcber den Muskeltest beim Klienten sichtbar und erfahrbar. Wir orientieren uns am Genogramm \u00fcber 3 Generationen. Die Teilnehmer werden gebeten, sich entsprechend vorzubereiten und ein Genogramm ihrer Familie zu erstellen.<\/p>\n<p>Zur Vorbereitung auf das Seminar empfehlen wir die Lekt\u00fcre von John Bradshaws Buch \u201eFamiliengeheimnisse\u201c oder von Monika McGoldricks Buch \u201eGenogramme\u201c.<\/p>\n<h4>Hinweis f\u00fcr Erstteilnehmer<\/h4>\n<p>Die letzten zwei Tage des Seminars sind fester Bestandteil des Kurses. Sie geben ausreichend Gelegenheit, die neuen Techniken der Systemischen KnK zu vertiefen, zu \u00fcben und eigene Erfahrungen damit zu machen.<\/p>\n<\/div><\/div><\/div><\/div><\/div><\/div><div class=\"fusion-layout-column fusion_builder_column fusion-builder-column-1 fusion_builder_column_1_2 1_2 fusion-flex-column\" style=\"--awb-bg-size:cover;--awb-width-large:50%;--awb-margin-top-large:0px;--awb-spacing-right-large:12px;--awb-margin-bottom-large:20px;--awb-spacing-left-large:12px;--awb-width-medium:50%;--awb-order-medium:0;--awb-spacing-right-medium:12px;--awb-spacing-left-medium:12px;--awb-width-small:100%;--awb-order-small:0;--awb-spacing-right-small:12px;--awb-spacing-left-small:12px;\" data-scroll-devices=\"small-visibility,medium-visibility,large-visibility\"><div class=\"fusion-column-wrapper fusion-column-has-shadow fusion-flex-justify-content-flex-start fusion-content-layout-column\"><div class=\"fusion-builder-row fusion-builder-row-inner fusion-row fusion-flex-align-items-flex-start fusion-flex-justify-content-center fusion-flex-content-wrap\" style=\"width:calc( 100% + 24px ) !important;max-width:calc( 100% + 24px ) !important;margin-left: calc(-24px \/ 2 );margin-right: calc(-24px \/ 2 );\"><div class=\"fusion-layout-column fusion_builder_column_inner fusion-builder-nested-column-2 fusion_builder_column_inner_1_1 1_1 fusion-flex-column\" style=\"--awb-padding-top:74px;--awb-padding-right:15%;--awb-padding-bottom:74px;--awb-padding-left:15%;--awb-padding-top-small:3%;--awb-padding-right-small:10%;--awb-padding-bottom-small:3%;--awb-padding-left-small:10%;--awb-overflow:hidden;--awb-bg-color:#f0f6f8;--awb-bg-color-hover:#f0f6f8;--awb-bg-size:cover;--awb-border-radius:20px 20px 20px 20px;--awb-width-large:100%;--awb-margin-top-large:0px;--awb-spacing-right-large:22px;--awb-margin-bottom-large:20px;--awb-spacing-left-large:12px;--awb-width-medium:100%;--awb-order-medium:0;--awb-spacing-right-medium:22px;--awb-spacing-left-medium:12px;--awb-width-small:100%;--awb-order-small:0;--awb-spacing-right-small:12px;--awb-spacing-left-small:12px;\" data-scroll-devices=\"small-visibility,medium-visibility,large-visibility\"><div class=\"fusion-column-wrapper fusion-column-has-shadow fusion-flex-justify-content-flex-start fusion-content-layout-column\"><div class=\"fusion-text fusion-text-3\"><h1 class=\"text_red\">KnK II<\/h1>\n<p>In KnK II werden die Inhalte von KnK I vertieft und durch fortgeschrittene Anwendungen die L\u00f6sung von tiefer liegenden Stressblockaden erm\u00f6glicht.<\/p>\n<h4>Weitere Techniken<\/h4>\n<p>Dazu verwenden wir als Erweiterung der in KnK I erlernten Techniken auch Augenbewegungen und Farbbrillen. Dies erm\u00f6glicht eine tiefen Zugang zu vergessenen Stressereignissen, die bis in die Gegenwart wirken. Aber auch erinnerbare Ereignisse k\u00f6nnen stark belasten und die Lebensqualit\u00e4t einschr\u00e4nken. Durch die erweiterte Entkopplungstechnik entspannt man tief und kann dadurch den gespeicherten Stress abbauen.<\/p>\n<h4>Einschr\u00e4nkende Glaubenss\u00e4tze<\/h4>\n<p>Die L\u00f6sung einschr\u00e4nkender Glaubenss\u00e4tze und Belastungen aus der Familien- und Seelengeschichte vervollst\u00e4ndigen den Kurs. Zus\u00e4tzlich testen wir energetisch die Vertr\u00e4glichkeit von Substanzen. Bei Stressreaktionen finden wir die dahinterliegenden Themenbereiche, die mit den Entkopplungsverfahren der KnK neutralisiert und dadurch stressfrei werden. Dieser Kurs kann nach ART I und KnK I gebucht werden.<\/p>\n<\/div><\/div><\/div><div class=\"fusion-layout-column fusion_builder_column_inner fusion-builder-nested-column-3 fusion_builder_column_inner_1_1 1_1 fusion-flex-column\" style=\"--awb-padding-top:74px;--awb-padding-right:15%;--awb-padding-bottom:74px;--awb-padding-left:15%;--awb-padding-top-small:3%;--awb-padding-right-small:10%;--awb-padding-bottom-small:3%;--awb-padding-left-small:10%;--awb-overflow:hidden;--awb-bg-color:#f0f6f8;--awb-bg-color-hover:#f0f6f8;--awb-bg-size:cover;--awb-border-radius:20px 20px 20px 20px;--awb-width-large:100%;--awb-margin-top-large:0px;--awb-spacing-right-large:22px;--awb-margin-bottom-large:20px;--awb-spacing-left-large:12px;--awb-width-medium:100%;--awb-order-medium:0;--awb-spacing-right-medium:22px;--awb-spacing-left-medium:12px;--awb-width-small:100%;--awb-order-small:0;--awb-spacing-right-small:12px;--awb-spacing-left-small:12px;\" data-scroll-devices=\"small-visibility,medium-visibility,large-visibility\"><div class=\"fusion-column-wrapper fusion-column-has-shadow fusion-flex-justify-content-flex-start fusion-content-layout-column\"><div class=\"fusion-text fusion-text-4\"><h1>KnK IV \u2013 Selbst<wbr \/>erfahrungs<wbr \/>kurs<\/h1>\n<p>Diese Woche bietet die Chance zur intensiven Selbsterfahrung unserer gro\u00dfen Lebensthemen. Dabei fassen wir alle bisher erlernten Techniken zusammen und \u00fcben ausf\u00fchrlich. Wir vertiefen die Erfahrungen mit der Methode als Anwender und Klient.<\/p>\n<h4>Wer mit den eigenen Themen gut in Kontakt ist, kann gut mit anderen arbeiten<\/h4>\n<p>Der Kurs gibt Raum f\u00fcr Kontakt und Begegnung mit sich selbst, den eigenen inneren Einstellungen und Glaubensmustern und -systemen, die uns im Leben einschr\u00e4nken k\u00f6nnen.<\/p>\n<p>Im Rahmen dieses Kurses gibt es zu jedem der aufgef\u00fchrten Lebensthemen die M\u00f6glichkeit, sich von grundlegenden emotionalen Konflikten zu l\u00f6sen.<\/p>\n<h4>Die gro\u00dfen Lebensthemen<\/h4>\n<ul>\n<li>K\u00f6rper und Gesundheit<\/li>\n<li>Beruf, Erfolg und Finanzen<\/li>\n<li>Beziehung zur Ursprungsfamilie<\/li>\n<li>Freundschaft, Partnerschaft, Ehe<\/li>\n<li>Sexualit\u00e4t<\/li>\n<li>Spiritualit\u00e4t, Lebenssinn, -aufgabe<\/li>\n<li>Lebensziele<\/li>\n<li>Sterben und Tod<\/li>\n<\/ul>\n<\/div><\/div><\/div><\/div><\/div><\/div><\/div><\/div><div class=\"fusion-fullwidth fullwidth-box fusion-builder-row-2 fusion-flex-container has-pattern-background has-mask-background nonhundred-percent-fullwidth non-hundred-percent-height-scrolling\" style=\"--awb-border-radius-top-left:0px;--awb-border-radius-top-right:0px;--awb-border-radius-bottom-right:0px;--awb-border-radius-bottom-left:0px;--awb-padding-right-small:5%;--awb-padding-left-small:5%;--awb-flex-wrap:wrap;\" ><div class=\"fusion-builder-row fusion-row fusion-flex-align-items-flex-start fusion-flex-justify-content-center fusion-flex-content-wrap\" style=\"max-width:calc( 1920px + 24px );margin-left: calc(-24px \/ 2 );margin-right: calc(-24px \/ 2 );\"><div class=\"fusion-layout-column fusion_builder_column fusion-builder-column-2 fusion_builder_column_1_4 1_4 fusion-flex-column\" style=\"--awb-padding-top:50px;--awb-bg-size:cover;--awb-width-large:25%;--awb-margin-top-large:0px;--awb-spacing-right-large:12px;--awb-margin-bottom-large:20px;--awb-spacing-left-large:12px;--awb-width-medium:25%;--awb-order-medium:0;--awb-spacing-right-medium:12px;--awb-spacing-left-medium:12px;--awb-width-small:100%;--awb-order-small:0;--awb-spacing-right-small:12px;--awb-spacing-left-small:12px;\" data-scroll-devices=\"small-visibility,medium-visibility,large-visibility\"><div class=\"fusion-column-wrapper fusion-column-has-shadow fusion-flex-justify-content-flex-start fusion-content-layout-column\"><div class=\"fusion-image-element \" style=\"--awb-caption-title-font-family:var(--h2_typography-font-family);--awb-caption-title-font-weight:var(--h2_typography-font-weight);--awb-caption-title-font-style:var(--h2_typography-font-style);--awb-caption-title-size:var(--h2_typography-font-size);--awb-caption-title-transform:var(--h2_typography-text-transform);--awb-caption-title-line-height:var(--h2_typography-line-height);--awb-caption-title-letter-spacing:var(--h2_typography-letter-spacing);\"><span class=\" fusion-imageframe imageframe-none imageframe-1 hover-type-none\"><img decoding=\"async\" width=\"400\" height=\"596\" alt=\"Lehrbuch der Psychokinesiologie\" title=\"Lehrbuch der Psychokinesiologie\" src=\"https:\/\/www.teamdrklinghardt.at\/wp-content\/uploads\/2024\/11\/Lehrbuch-der-Psychokinesiologie-400x596.png\" class=\"img-responsive wp-image-3238\" srcset=\"https:\/\/www.teamdrklinghardt.at\/wp-content\/uploads\/2024\/11\/Lehrbuch-der-Psychokinesiologie-200x298.png 200w, https:\/\/www.teamdrklinghardt.at\/wp-content\/uploads\/2024\/11\/Lehrbuch-der-Psychokinesiologie-400x596.png 400w, https:\/\/www.teamdrklinghardt.at\/wp-content\/uploads\/2024\/11\/Lehrbuch-der-Psychokinesiologie-600x894.png 600w, https:\/\/www.teamdrklinghardt.at\/wp-content\/uploads\/2024\/11\/Lehrbuch-der-Psychokinesiologie-800x1192.png 800w, https:\/\/www.teamdrklinghardt.at\/wp-content\/uploads\/2024\/11\/Lehrbuch-der-Psychokinesiologie.png 1004w\" sizes=\"(max-width: 789px) 100vw, 600px\" \/><\/span><\/div><\/div><\/div><div class=\"fusion-layout-column fusion_builder_column fusion-builder-column-3 fusion_builder_column_1_4 1_4 fusion-flex-column\" style=\"--awb-padding-top:50PX;--awb-bg-size:cover;--awb-width-large:25%;--awb-margin-top-large:0px;--awb-spacing-right-large:12px;--awb-margin-bottom-large:20px;--awb-spacing-left-large:12px;--awb-width-medium:25%;--awb-order-medium:0;--awb-spacing-right-medium:12px;--awb-spacing-left-medium:12px;--awb-width-small:100%;--awb-order-small:0;--awb-spacing-right-small:12px;--awb-spacing-left-small:12px;\" data-scroll-devices=\"small-visibility,medium-visibility,large-visibility\"><div class=\"fusion-column-wrapper fusion-column-has-shadow fusion-flex-justify-content-flex-start fusion-content-layout-column\"><div class=\"fusion-text fusion-text-5\"><h2 class=\"text_red\">Lehrbuch der Psycho-Kinesiologie<\/h2>\n<p>Fast allen chronischen Erkrankungen liegen unerl\u00f6ste seelische Probleme zugrunde.<br \/>\nUnverarbeitete Ereignisse oder Traumata in verletzlichen Phasen des Lebens, insbesondere der fr\u00fchen Kindheit, schw\u00e4chen die Betroffenen \u00fcber Jahre und Jahrzehnte.<strong><br \/>\n<\/strong><\/p>\n<\/div><div class=\"fusion-text fusion-text-6 fusion-text-no-margin\" style=\"--awb-margin-bottom:50PX;\"><p>Das Unterbewusstsein des Patienten zeigt dem Therapeuten den Weg zur urs\u00e4chlichen Verletzung, die im Zusammenhang mit seiner chronischen Erkrankung steht.<br \/>\nDie so gut wie immer unbewussten inneren Konflikte k\u00f6nnen sich im sp\u00e4teren Leben durch chronische Krankheiten bemerkbar machen.<\/p>\n<p>Dr. Klinghardt entwickelte eine wirkungsvolle Kombination zwischen K\u00f6rperfeedback \u00fcber einen Muskeltest und psychotherapeutischer Arbeit.<\/p>\n<p>Der Konflikt gelangt ins Bewusstsein und kann nun mit verschiedenen Methoden aus Neurobiologie und Psychotherapie angemessen gel\u00f6st werden.<br \/>\nErst jetzt k\u00f6nnen alte, behindernde Glaubenss\u00e4tze durch neue, sinnvollere ersetzt werden. K\u00e4uflich erwerben k\u00f6nnen Sie das Buch <a href=\"https:\/\/ink.ag\/shop\/buecher-und-schriften\/dr.-klinghardt\/buecher\/17290\/lehrbuch-der-psycho-kinesiologie\" target=\"_blank\" rel=\"noopener\">hier<\/a>.<\/p>\n<\/div><div ><a class=\"fusion-button button-flat fusion-button-default-size button-custom fusion-button-default button-1 fusion-button-span-yes fusion-button-default-type\" style=\"--button_accent_color:var(--awb-color1);--button_accent_hover_color:var(--awb-color1);--button_border_hover_color:var(--awb-color1);--button-border-radius-top-left:5px;--button-border-radius-top-right:5px;--button-border-radius-bottom-right:5px;--button-border-radius-bottom-left:5px;--button_gradient_top_color:var(--awb-custom_color_7);--button_gradient_bottom_color:var(--awb-custom_color_7);--button_gradient_top_color_hover:#035564;--button_gradient_bottom_color_hover:#035564;--button_font_size:15px;--button_padding-top:40px;--button_padding-bottom:40px;--button_typography-font-family:&quot;Work Sans&quot;;--button_typography-font-style:normal;--button_typography-font-weight:500;--button_margin-right:75px;--button_margin-bottom:15px;width:calc(100% - 75px);\" target=\"_blank\" rel=\"noopener noreferrer\" href=\"https:\/\/ink.ag\/shop\/buecher-und-schriften\/dr.-klinghardt\/buecher\/17290\/lehrbuch-der-psycho-kinesiologie\"><span class=\"fusion-button-text awb-button__text awb-button__text--default\">KAUFEN \u00dcBER INK<\/span><\/a><\/div><\/div><\/div><\/div><\/div><\/p>\n","protected":false},"excerpt":{"rendered":"","protected":false},"author":1,"featured_media":0,"parent":24,"menu_order":0,"comment_status":"closed","ping_status":"closed","template":"100-width.php","meta":{"_acf_changed":false,"footnotes":""},"class_list":["post-39","page","type-page","status-publish","hentry"],"acf":[],"yoast_head":"<!-- This site is optimized with the Yoast SEO plugin v25.3.1 - https:\/\/yoast.com\/wordpress\/plugins\/seo\/ -->\n<title>KnK - Kinesiologie nach Dr. Klinghardt - Team Dr. Klinghardt<\/title>\n<meta name=\"robots\" content=\"index, follow, max-snippet:-1, max-image-preview:large, max-video-preview:-1\" \/>\n<link rel=\"canonical\" href=\"https:\/\/www.teamdrklinghardt.at\/index.php\/ausbildung\/knk-kinesiologie-nach-dr-klinghardt\/\" \/>\n<meta property=\"og:locale\" content=\"de_DE\" \/>\n<meta property=\"og:type\" content=\"article\" \/>\n<meta property=\"og:title\" content=\"KnK - Kinesiologie nach Dr. Klinghardt - Team Dr. Klinghardt\" \/>\n<meta property=\"og:url\" content=\"https:\/\/www.teamdrklinghardt.at\/index.php\/ausbildung\/knk-kinesiologie-nach-dr-klinghardt\/\" \/>\n<meta property=\"og:site_name\" content=\"Team Dr. Klinghardt\" \/>\n<meta property=\"article:modified_time\" content=\"2024-12-22T10:54:24+00:00\" \/>\n<meta name=\"twitter:card\" content=\"summary_large_image\" \/>\n<meta name=\"twitter:label1\" content=\"Gesch\u00e4tzte Lesezeit\" \/>\n\t<meta name=\"twitter:data1\" content=\"3\u00a0Minuten\" \/>\n<script type=\"application\/ld+json\" class=\"yoast-schema-graph\">{\"@context\":\"https:\/\/schema.org\",\"@graph\":[{\"@type\":\"WebPage\",\"@id\":\"https:\/\/www.teamdrklinghardt.at\/index.php\/ausbildung\/knk-kinesiologie-nach-dr-klinghardt\/\",\"url\":\"https:\/\/www.teamdrklinghardt.at\/index.php\/ausbildung\/knk-kinesiologie-nach-dr-klinghardt\/\",\"name\":\"KnK - Kinesiologie nach Dr. Klinghardt - Team Dr. Klinghardt\",\"isPartOf\":{\"@id\":\"https:\/\/www.teamdrklinghardt.at\/#website\"},\"datePublished\":\"2024-01-08T12:33:21+00:00\",\"dateModified\":\"2024-12-22T10:54:24+00:00\",\"breadcrumb\":{\"@id\":\"https:\/\/www.teamdrklinghardt.at\/index.php\/ausbildung\/knk-kinesiologie-nach-dr-klinghardt\/#breadcrumb\"},\"inLanguage\":\"de\",\"potentialAction\":[{\"@type\":\"ReadAction\",\"target\":[\"https:\/\/www.teamdrklinghardt.at\/index.php\/ausbildung\/knk-kinesiologie-nach-dr-klinghardt\/\"]}]},{\"@type\":\"BreadcrumbList\",\"@id\":\"https:\/\/www.teamdrklinghardt.at\/index.php\/ausbildung\/knk-kinesiologie-nach-dr-klinghardt\/#breadcrumb\",\"itemListElement\":[{\"@type\":\"ListItem\",\"position\":1,\"name\":\"Ausbildung\",\"item\":\"https:\/\/www.teamdrklinghardt.at\/index.php\/ausbildung\/\"},{\"@type\":\"ListItem\",\"position\":2,\"name\":\"KnK &#8211; Kinesiologie nach Dr. Klinghardt\"}]},{\"@type\":\"WebSite\",\"@id\":\"https:\/\/www.teamdrklinghardt.at\/#website\",\"url\":\"https:\/\/www.teamdrklinghardt.at\/\",\"name\":\"Team Dr. Klinghardt\",\"description\":\"\",\"potentialAction\":[{\"@type\":\"SearchAction\",\"target\":{\"@type\":\"EntryPoint\",\"urlTemplate\":\"https:\/\/www.teamdrklinghardt.at\/?s={search_term_string}\"},\"query-input\":{\"@type\":\"PropertyValueSpecification\",\"valueRequired\":true,\"valueName\":\"search_term_string\"}}],\"inLanguage\":\"de\"}]}<\/script>\n<!-- \/ Yoast SEO plugin. -->","yoast_head_json":{"title":"KnK - Kinesiologie nach Dr. Klinghardt - Team Dr. Klinghardt","robots":{"index":"index","follow":"follow","max-snippet":"max-snippet:-1","max-image-preview":"max-image-preview:large","max-video-preview":"max-video-preview:-1"},"canonical":"https:\/\/www.teamdrklinghardt.at\/index.php\/ausbildung\/knk-kinesiologie-nach-dr-klinghardt\/","og_locale":"de_DE","og_type":"article","og_title":"KnK - Kinesiologie nach Dr. Klinghardt - Team Dr. Klinghardt","og_url":"https:\/\/www.teamdrklinghardt.at\/index.php\/ausbildung\/knk-kinesiologie-nach-dr-klinghardt\/","og_site_name":"Team Dr. Klinghardt","article_modified_time":"2024-12-22T10:54:24+00:00","twitter_card":"summary_large_image","twitter_misc":{"Gesch\u00e4tzte Lesezeit":"3\u00a0Minuten"},"schema":{"@context":"https:\/\/schema.org","@graph":[{"@type":"WebPage","@id":"https:\/\/www.teamdrklinghardt.at\/index.php\/ausbildung\/knk-kinesiologie-nach-dr-klinghardt\/","url":"https:\/\/www.teamdrklinghardt.at\/index.php\/ausbildung\/knk-kinesiologie-nach-dr-klinghardt\/","name":"KnK - Kinesiologie nach Dr. Klinghardt - Team Dr. Klinghardt","isPartOf":{"@id":"https:\/\/www.teamdrklinghardt.at\/#website"},"datePublished":"2024-01-08T12:33:21+00:00","dateModified":"2024-12-22T10:54:24+00:00","breadcrumb":{"@id":"https:\/\/www.teamdrklinghardt.at\/index.php\/ausbildung\/knk-kinesiologie-nach-dr-klinghardt\/#breadcrumb"},"inLanguage":"de","potentialAction":[{"@type":"ReadAction","target":["https:\/\/www.teamdrklinghardt.at\/index.php\/ausbildung\/knk-kinesiologie-nach-dr-klinghardt\/"]}]},{"@type":"BreadcrumbList","@id":"https:\/\/www.teamdrklinghardt.at\/index.php\/ausbildung\/knk-kinesiologie-nach-dr-klinghardt\/#breadcrumb","itemListElement":[{"@type":"ListItem","position":1,"name":"Ausbildung","item":"https:\/\/www.teamdrklinghardt.at\/index.php\/ausbildung\/"},{"@type":"ListItem","position":2,"name":"KnK &#8211; Kinesiologie nach Dr. Klinghardt"}]},{"@type":"WebSite","@id":"https:\/\/www.teamdrklinghardt.at\/#website","url":"https:\/\/www.teamdrklinghardt.at\/","name":"Team Dr. Klinghardt","description":"","potentialAction":[{"@type":"SearchAction","target":{"@type":"EntryPoint","urlTemplate":"https:\/\/www.teamdrklinghardt.at\/?s={search_term_string}"},"query-input":{"@type":"PropertyValueSpecification","valueRequired":true,"valueName":"search_term_string"}}],"inLanguage":"de"}]}},"_links":{"self":[{"href":"https:\/\/www.teamdrklinghardt.at\/index.php\/wp-json\/wp\/v2\/pages\/39","targetHints":{"allow":["GET"]}}],"collection":[{"href":"https:\/\/www.teamdrklinghardt.at\/index.php\/wp-json\/wp\/v2\/pages"}],"about":[{"href":"https:\/\/www.teamdrklinghardt.at\/index.php\/wp-json\/wp\/v2\/types\/page"}],"author":[{"embeddable":true,"href":"https:\/\/www.teamdrklinghardt.at\/index.php\/wp-json\/wp\/v2\/users\/1"}],"replies":[{"embeddable":true,"href":"https:\/\/www.teamdrklinghardt.at\/index.php\/wp-json\/wp\/v2\/comments?post=39"}],"version-history":[{"count":58,"href":"https:\/\/www.teamdrklinghardt.at\/index.php\/wp-json\/wp\/v2\/pages\/39\/revisions"}],"predecessor-version":[{"id":3870,"href":"https:\/\/www.teamdrklinghardt.at\/index.php\/wp-json\/wp\/v2\/pages\/39\/revisions\/3870"}],"up":[{"embeddable":true,"href":"https:\/\/www.teamdrklinghardt.at\/index.php\/wp-json\/wp\/v2\/pages\/24"}],"wp:attachment":[{"href":"https:\/\/www.teamdrklinghardt.at\/index.php\/wp-json\/wp\/v2\/media?parent=39"}],"curies":[{"name":"wp","href":"https:\/\/api.w.org\/{rel}","templated":true}]}}