{"id":102,"date":"2024-01-09T12:21:19","date_gmt":"2024-01-09T12:21:19","guid":{"rendered":"https:\/\/www.teamdrklinghardt.at\/?page_id=102"},"modified":"2024-04-30T10:59:47","modified_gmt":"2024-04-30T08:59:47","slug":"datenschutzerklaerung","status":"publish","type":"page","link":"https:\/\/www.teamdrklinghardt.at\/index.php\/datenschutzerklaerung\/","title":{"rendered":"Datenschutzerkl\u00e4rung"},"content":{"rendered":"<div class=\"fusion-fullwidth fullwidth-box fusion-builder-row-1 fusion-flex-container has-pattern-background has-mask-background nonhundred-percent-fullwidth non-hundred-percent-height-scrolling\" style=\"--awb-border-radius-top-left:0px;--awb-border-radius-top-right:0px;--awb-border-radius-bottom-right:0px;--awb-border-radius-bottom-left:0px;--awb-flex-wrap:wrap;\" ><div class=\"fusion-builder-row fusion-row fusion-flex-align-items-flex-start fusion-flex-content-wrap\" style=\"max-width:1996.8px;margin-left: calc(-4% \/ 2 );margin-right: calc(-4% \/ 2 );\"><div class=\"fusion-layout-column fusion_builder_column fusion-builder-column-0 fusion_builder_column_1_1 1_1 fusion-flex-column\" style=\"--awb-bg-size:cover;--awb-width-large:100%;--awb-margin-top-large:0px;--awb-spacing-right-large:1.92%;--awb-margin-bottom-large:20px;--awb-spacing-left-large:1.92%;--awb-width-medium:100%;--awb-order-medium:0;--awb-spacing-right-medium:1.92%;--awb-spacing-left-medium:1.92%;--awb-width-small:100%;--awb-order-small:0;--awb-spacing-right-small:1.92%;--awb-spacing-left-small:1.92%;\"><div class=\"fusion-column-wrapper fusion-column-has-shadow fusion-flex-justify-content-flex-start fusion-content-layout-column\"><div class=\"fusion-text fusion-text-1\"><h1 class=\"ueberschrift_gross\">Datenschutzerkl\u00e4rung<\/h1>\n<p>Wir freuen uns \u00fcber Ihr Interesse an unserer Vereinswebsite Team Dr. Klinghardt. Der Schutz Ihrer Privatsph\u00e4re ist uns wichtig. Wir informieren Sie hier ausf\u00fchrlich \u00fcber den Umgang mit Ihren Daten.<\/p>\n<p>Grundlage der Verarbeitung Ihrer Daten ist die DSGVO.<\/p>\n<h3 class=\"ueberschrift_gross\">Erhebung, Verarbeitung und Nutzung personenbezogener Daten<\/h3>\n<p>Sie k\u00f6nnen unsere Webseite grunds\u00e4tzlich besuchen, ohne dass wir personenbezogene Daten von Ihnen erheben. Personenbezogene Daten werden nur erhoben, wenn Sie uns diese im Rahmen der Kontaktaufnahme mitteilen. Diese Daten werden ohne Ihre ausdr\u00fcckliche Einwilligung jeweils allein zur Bearbeitung Ihrer Anfragen genutzt und nicht an Dritte weitergegeben.<\/p>\n<h3 class=\"ueberschrift_gross\">Speicherung von Zugriffsdaten in Server-Logfiles<\/h3>\n<p>Sie k\u00f6nnen unsere Webseiten besuchen, ohne Angaben zu Ihrer Person zu machen. Wir speichern lediglich Zugriffsdaten in sogenannten Server-Logfiles, wie z.B. den Namen der angeforderten Datei, Datum und Uhrzeit des Abrufs, \u00fcbertragene Datenmenge und den anfragenden Provider. Diese Daten werden ausschlie\u00dflich zur Sicherstellung eines st\u00f6rungsfreien Betriebs der Seite und zur Verbesserung unseres Angebots ausgewertet und erlauben uns keinen R\u00fcckschluss auf Ihre Person.<\/p>\n<h3 class=\"ueberschrift_gross\">Datenverwendung bei Anmeldung zum E-Mail-Newsletter<\/h3>\n<p>Wenn Sie den Newsletter empfangen m\u00f6chten, ben\u00f6tigen wir von Ihnen eine valide E-Mail-Adresse sowie Informationen, die uns die \u00dcberpr\u00fcfung gestatten, dass Sie der Inhaber der angegebenen E-Mail-Adresse sind bzw. deren Inhaber mit dem Empfang des Newsletters einverstanden ist. Weitere Daten werden nicht erhoben. Diese Daten werden nur f\u00fcr den Versand und die Auswertung der Nutzung der Newsletter verwendet.<\/p>\n<p>Mit der Anmeldung zum Newsletter speichern wir Ihre IP-Adresse und das Datum der Anmeldung. Diese Speicherung dient dem Nachweis im Fall, dass ein Dritter eine E-Mailadresse missbraucht und sich ohne Wissen des Berechtigten f\u00fcr den Newsletterempfang anmeldet.<\/p>\n<p>Zum Versand unseres Newsletters verwenden wir das E-Mail-Tool CleverReach, welches von der CleverReach GmbH &amp; Co. KG, Rastede, Deutschland betrieben wird. Dazu werden Ihre Daten auch von CleverReach gespeichert. CleverReach bietet Auswertungsm\u00f6glichkeiten an, wie die Newsletter ge\u00f6ffnet und benutzt werden. Ihre Daten werden f\u00fcr den Bezug des Newsletters nicht an andere Dritte weiter gegeben und CleverReach erlangt kein Recht zur Weitergabe Ihrer Daten.<\/p>\n<p>Ihre Einwilligung zur Speicherung der Daten, der E-Mail-Adresse sowie deren Nutzung zum Versand des Newsletters k\u00f6nnen Sie jederzeit widerrufen. Der Widerruf kann \u00fcber einen Link in den Newslettern selbst oder per Mitteilung an die unten angef\u00fchrte Kontaktm\u00f6glichkeit erfolgen.<\/p>\n<h3 class=\"ueberschrift_gross\">Weitergabe personenbezogener Daten<\/h3>\n<p>Ihre personenbezogenen Daten werden grunds\u00e4tzlich nur vereinsintern verwaltet und nicht an Dritte weitergegeben.<\/p>\n<p>Wenn Sie sich jedoch \u00fcber diese Website zu einem Kurs \/ Seminar anmelden, werden Ihre Daten aus organisations- und abrechnungstechnischen Gr\u00fcnden an das Institut f\u00fcr Neurobiologie nach Dr. Klinghardt in Deutschland weitergeleitet,\u00a0<a href=\"http:\/\/www.ink.ag\/\">www.ink.ag<\/a>.<\/p>\n<p>Das INK verwendet Ihre Daten dann f\u00fcr die Rechnungslegung und alle weiteren in diesem Zusammenhang stehenden organisatorischen Belange.<\/p>\n<h3 class=\"ueberschrift_gross\">Verwendung von Cookies<\/h3>\n<p>Um den Besuch unserer Website attraktiv zu gestalten und die Nutzung bestimmter Funktionen zu erm\u00f6glichen, verwenden wir auf verschiedenen Seiten sogenannte Cookies. Hierbei handelt es sich um kleine Textdateien, die auf Ihrem Endger\u00e4t gespeichert werden. Einige der von uns verwendeten Cookies werden nach Ende der Browser-Sitzung, also nach Schlie\u00dfen Ihres Browsers, wieder gel\u00f6scht (sog. Sitzungs-Cookies). Andere Cookies verbleiben auf Ihrem Endger\u00e4t und erm\u00f6glichen uns, Ihren Browser beim n\u00e4chsten Besuch wiederzuerkennen (persistente Cookies). Sie k\u00f6nnen Ihren Browser so einstellen, dass Sie \u00fcber das Setzen von Cookies informiert werden und einzeln \u00fcber deren Annahme entscheiden oder die Annahme von Cookies f\u00fcr bestimmte F\u00e4lle oder generell ausschlie\u00dfen. Bei der Nichtannahme von Cookies kann die Funktionalit\u00e4t unserer Website eingeschr\u00e4nkt sein.<\/p>\n<h3 class=\"ueberschrift_gross\">Einsatz von Google Analytics zur Webanalyse<\/h3>\n<p>Diese Website benutzt Google Analytics, einen Webanalysedienst der Google Inc. (<a href=\"http:\/\/www.google.de\/\">www.google.de<\/a>). Google Analytics verwendet sog. \u201eCookies\u201c, Textdateien, die auf Ihrem Computer gespeichert werden und die eine Analyse der Benutzung der Website durch Sie erm\u00f6glichen. Die durch den Cookie erzeugten Informationen \u00fcber Ihre Benutzung dieser Website werden in der Regel an einen Server von Google in den USA \u00fcbertragen und dort gespeichert. Im Falle der Aktivierung der IP-Anonymisierung auf dieser Webseite, wird Ihre IP-Adresse von Google jedoch innerhalb von Mitgliedstaaten der Europ\u00e4ischen Union oder in anderen Vertragsstaaten des Abkommens \u00fcber den Europ\u00e4ischen Wirtschaftsraum zuvor gek\u00fcrzt. Nur in Ausnahmef\u00e4llen wird die volle IP-Adresse an einen Server von Google in den USA \u00fcbertragen und dort gek\u00fcrzt. Die IP-Anonymisierung ist auf dieser Website aktiv. Im Auftrag des Betreibers dieser Website wird Google diese Informationen benutzen, um Ihre Nutzung der Website auszuwerten, um Reports \u00fcber die Websiteaktivit\u00e4ten zusammenzustellen und um weitere mit der Websitenutzung und der Internetnutzung verbundene Dienstleistungen gegen\u00fcber dem Websitebetreiber zu erbringen. Die im Rahmen von Google Analytics von Ihrem Browser \u00fcbermittelte IP-Adresse wird nicht mit anderen Daten von Google zusammengef\u00fchrt. Sie k\u00f6nnen die Speicherung der Cookies durch eine entsprechende Einstellung Ihrer Browser-Software verhindern; wir weisen Sie jedoch darauf hin, dass Sie in diesem Fall gegebenenfalls nicht s\u00e4mtliche Funktionen dieser Website vollumf\u00e4nglich werden nutzen k\u00f6nnen.<\/p>\n<p>Sie k\u00f6nnen dar\u00fcber hinaus die Erfassung der durch das Cookie erzeugten und auf Ihre Nutzung der Website bezogenen Daten (inkl. Ihrer IP-Adresse) an Google sowie die Verarbeitung dieser Daten durch Google verhindern, indem sie das unter dem folgenden Link verf\u00fcgbare Browser-Plugin herunterladen und installieren:\u00a0<a href=\"http:\/\/tools.google.com\/dlpage\/gaoptout?hl=de\">http:\/\/tools.google.com\/dlpage\/gaoptout?hl=de<\/a><br \/>\nAlternativ zum Browser-Plugin k\u00f6nnen Sie &lt;a href=&#8220;&#8220; javascript:gaOptout()&#8220;&#8220;&gt;diesen Link&lt;\/a&gt; klicken, um die Erfassung durch Google Analytics auf dieser Website zuk\u00fcnftig zu verhindern. Dabei wird ein Opt-Out-Cookie auf Ihrem Endger\u00e4t abgelegt. L\u00f6schen Sie Ihre Cookies, m\u00fcssen Sie den Link erneut klicken.<\/p>\n<h3><strong><span class=\"ueberschrift_gross\">L\u00f6schung Ihrer Daten<\/span><\/strong><\/h3>\n<p>Die Abmeldung vom Newsletter ist jederzeit und ohne Angabe von Gr\u00fcnden m\u00f6glich. Wenn Sie Rechnungen von uns erhalten haben, ist die L\u00f6schung Ihrer personenbezogenen Daten erst nach Ablauf der gesetzlich vorgeschriebenen Aufbewahrungsfrist (Finanzamtsunterlagen 7 Jahre) m\u00f6glich.<\/p>\n<h3 class=\"ueberschrift_gross\"><strong>Gesetzestext<\/strong><\/h3>\n<p>Den vollst\u00e4ndigen Gesetzestext der EU-Verordnung k\u00f6nnen Sie hier einsehen.<\/p>\n<p><a href=\"http:\/\/eur-lex.europa.eu\/legal-content\/DE\/TXT\/HTML\/?uri=CELEX:32016R0679&amp;from=DE\">http:\/\/eur-lex.europa.eu\/legal-content\/DE\/TXT\/HTML\/?uri=CELEX:32016R0679&amp;from=DE<\/a><\/p>\n<h3 class=\"ueberschrift_gross\">Auskunftsrecht und Kontaktm\u00f6glichkeit<\/h3>\n<p>Sie haben ein Recht auf unentgeltliche Auskunft \u00fcber die bei uns zu Ihrer Person gespeicherten Daten sowie ggf. ein Recht auf Berichtigung, Sperrung oder L\u00f6schung dieser Daten. Bei Fragen zur Erhebung, Verarbeitung oder Nutzung Ihrer personenbezogenen Daten, bei Ausk\u00fcnften, Berichtigung, Sperrung oder L\u00f6schung von Daten sowie Widerruf ggf. erteilter Einwilligungen oder Widerspruch gegen eine bestimmte Datenverwendung wenden Sie sich bitte an:<\/p>\n<p class=\"ueberschrift_klein\">Verein Team Dr. Klinghardt<br \/>\nBurggasse 81\/13<br \/>\n1070 Wien<\/p>\n<p class=\"ueberschrift_klein\">Obfrau: Ulrike Simona Grosch<br \/>\nTel: +43 (0) 1 \/526 71 40<br \/>\nE-Mail:\u00a0<a href=\"mailto:info@kinesiologie-klinghardt.at\">info@kinesiologie-klinghardt.at<\/a><\/p>\n<p class=\"ueberschrift_klein\">ZVR: 085718507<\/p>\n<\/div><div class=\"fusion-text fusion-text-2\"><p>[cmplz_preferences]<\/p>\n<\/div><\/div><\/div><\/div><\/div>\n","protected":false},"excerpt":{"rendered":"","protected":false},"author":1,"featured_media":0,"parent":0,"menu_order":0,"comment_status":"closed","ping_status":"closed","template":"","meta":{"_acf_changed":false,"footnotes":""},"class_list":["post-102","page","type-page","status-publish","hentry"],"acf":[],"yoast_head":"<!-- This site is optimized with the Yoast SEO plugin v25.3.1 - https:\/\/yoast.com\/wordpress\/plugins\/seo\/ -->\n<title>Datenschutzerkl\u00e4rung - Team Dr. Klinghardt<\/title>\n<meta name=\"robots\" content=\"index, follow, max-snippet:-1, max-image-preview:large, max-video-preview:-1\" \/>\n<link rel=\"canonical\" href=\"https:\/\/www.teamdrklinghardt.at\/index.php\/datenschutzerklaerung\/\" \/>\n<meta property=\"og:locale\" content=\"de_DE\" \/>\n<meta property=\"og:type\" content=\"article\" \/>\n<meta property=\"og:title\" content=\"Datenschutzerkl\u00e4rung - Team Dr. Klinghardt\" \/>\n<meta property=\"og:url\" content=\"https:\/\/www.teamdrklinghardt.at\/index.php\/datenschutzerklaerung\/\" \/>\n<meta property=\"og:site_name\" content=\"Team Dr. Klinghardt\" \/>\n<meta property=\"article:modified_time\" content=\"2024-04-30T08:59:47+00:00\" \/>\n<meta name=\"twitter:card\" content=\"summary_large_image\" \/>\n<meta name=\"twitter:label1\" content=\"Gesch\u00e4tzte Lesezeit\" \/>\n\t<meta name=\"twitter:data1\" content=\"6\u00a0Minuten\" \/>\n<script type=\"application\/ld+json\" class=\"yoast-schema-graph\">{\"@context\":\"https:\/\/schema.org\",\"@graph\":[{\"@type\":\"WebPage\",\"@id\":\"https:\/\/www.teamdrklinghardt.at\/index.php\/datenschutzerklaerung\/\",\"url\":\"https:\/\/www.teamdrklinghardt.at\/index.php\/datenschutzerklaerung\/\",\"name\":\"Datenschutzerkl\u00e4rung - Team Dr. Klinghardt\",\"isPartOf\":{\"@id\":\"https:\/\/www.teamdrklinghardt.at\/#website\"},\"datePublished\":\"2024-01-09T12:21:19+00:00\",\"dateModified\":\"2024-04-30T08:59:47+00:00\",\"inLanguage\":\"de\",\"potentialAction\":[{\"@type\":\"ReadAction\",\"target\":[\"https:\/\/www.teamdrklinghardt.at\/index.php\/datenschutzerklaerung\/\"]}]},{\"@type\":\"WebSite\",\"@id\":\"https:\/\/www.teamdrklinghardt.at\/#website\",\"url\":\"https:\/\/www.teamdrklinghardt.at\/\",\"name\":\"Team Dr. Klinghardt\",\"description\":\"\",\"potentialAction\":[{\"@type\":\"SearchAction\",\"target\":{\"@type\":\"EntryPoint\",\"urlTemplate\":\"https:\/\/www.teamdrklinghardt.at\/?s={search_term_string}\"},\"query-input\":{\"@type\":\"PropertyValueSpecification\",\"valueRequired\":true,\"valueName\":\"search_term_string\"}}],\"inLanguage\":\"de\"}]}<\/script>\n<!-- \/ Yoast SEO plugin. -->","yoast_head_json":{"title":"Datenschutzerkl\u00e4rung - Team Dr. Klinghardt","robots":{"index":"index","follow":"follow","max-snippet":"max-snippet:-1","max-image-preview":"max-image-preview:large","max-video-preview":"max-video-preview:-1"},"canonical":"https:\/\/www.teamdrklinghardt.at\/index.php\/datenschutzerklaerung\/","og_locale":"de_DE","og_type":"article","og_title":"Datenschutzerkl\u00e4rung - Team Dr. Klinghardt","og_url":"https:\/\/www.teamdrklinghardt.at\/index.php\/datenschutzerklaerung\/","og_site_name":"Team Dr. Klinghardt","article_modified_time":"2024-04-30T08:59:47+00:00","twitter_card":"summary_large_image","twitter_misc":{"Gesch\u00e4tzte Lesezeit":"6\u00a0Minuten"},"schema":{"@context":"https:\/\/schema.org","@graph":[{"@type":"WebPage","@id":"https:\/\/www.teamdrklinghardt.at\/index.php\/datenschutzerklaerung\/","url":"https:\/\/www.teamdrklinghardt.at\/index.php\/datenschutzerklaerung\/","name":"Datenschutzerkl\u00e4rung - Team Dr. Klinghardt","isPartOf":{"@id":"https:\/\/www.teamdrklinghardt.at\/#website"},"datePublished":"2024-01-09T12:21:19+00:00","dateModified":"2024-04-30T08:59:47+00:00","inLanguage":"de","potentialAction":[{"@type":"ReadAction","target":["https:\/\/www.teamdrklinghardt.at\/index.php\/datenschutzerklaerung\/"]}]},{"@type":"WebSite","@id":"https:\/\/www.teamdrklinghardt.at\/#website","url":"https:\/\/www.teamdrklinghardt.at\/","name":"Team Dr. Klinghardt","description":"","potentialAction":[{"@type":"SearchAction","target":{"@type":"EntryPoint","urlTemplate":"https:\/\/www.teamdrklinghardt.at\/?s={search_term_string}"},"query-input":{"@type":"PropertyValueSpecification","valueRequired":true,"valueName":"search_term_string"}}],"inLanguage":"de"}]}},"_links":{"self":[{"href":"https:\/\/www.teamdrklinghardt.at\/index.php\/wp-json\/wp\/v2\/pages\/102","targetHints":{"allow":["GET"]}}],"collection":[{"href":"https:\/\/www.teamdrklinghardt.at\/index.php\/wp-json\/wp\/v2\/pages"}],"about":[{"href":"https:\/\/www.teamdrklinghardt.at\/index.php\/wp-json\/wp\/v2\/types\/page"}],"author":[{"embeddable":true,"href":"https:\/\/www.teamdrklinghardt.at\/index.php\/wp-json\/wp\/v2\/users\/1"}],"replies":[{"embeddable":true,"href":"https:\/\/www.teamdrklinghardt.at\/index.php\/wp-json\/wp\/v2\/comments?post=102"}],"version-history":[{"count":3,"href":"https:\/\/www.teamdrklinghardt.at\/index.php\/wp-json\/wp\/v2\/pages\/102\/revisions"}],"predecessor-version":[{"id":1328,"href":"https:\/\/www.teamdrklinghardt.at\/index.php\/wp-json\/wp\/v2\/pages\/102\/revisions\/1328"}],"wp:attachment":[{"href":"https:\/\/www.teamdrklinghardt.at\/index.php\/wp-json\/wp\/v2\/media?parent=102"}],"curies":[{"name":"wp","href":"https:\/\/api.w.org\/{rel}","templated":true}]}}